{"id":7,"date":"2025-06-03T09:20:01","date_gmt":"2025-06-03T09:20:01","guid":{"rendered":"https:\/\/mixylife.com\/?page_id=7"},"modified":"2025-06-03T09:25:06","modified_gmt":"2025-06-03T09:25:06","slug":"mixylife","status":"publish","type":"page","link":"https:\/\/mixylife.com\/","title":{"rendered":"MixyLife"},"content":{"rendered":"\t\t<div data-elementor-type=\"wp-page\" data-elementor-id=\"7\" class=\"elementor elementor-7\">\n\t\t\t\t<div class=\"elementor-element elementor-element-2515794 e-flex e-con-boxed e-con e-parent\" data-id=\"2515794\" data-element_type=\"container\">\n\t\t\t\t\t<div class=\"e-con-inner\">\n\t\t<div class=\"elementor-element elementor-element-a439ad4 e-con-full e-flex e-con e-child\" data-id=\"a439ad4\" data-element_type=\"container\">\n\t\t\t\t<div class=\"elementor-element elementor-element-8490986 elementor-widget__width-initial elementor-widget elementor-widget-text-editor\" data-id=\"8490986\" data-element_type=\"widget\" data-widget_type=\"text-editor.default\">\n\t\t\t\t<div class=\"elementor-widget-container\">\n\t\t\t\t\t\t\t\t\t<p>Ya\u015fad\u0131\u011f\u0131m\u0131z co\u011frafyan\u0131n zenginli\u011finden ve Ege B\u00f6lgesi\u2019nin i\u015ftah kabartan tatlar\u0131ndan yola \u00e7\u0131km\u0131\u015f taptaze ve lezzet dolu bir \u00fcr\u00fcn \u2018Mixy Life\u2019.<\/p><p>Son d\u00f6nemde sa\u011fl\u0131kl\u0131 beslenmenin \u00f6nemi her yerde s\u0131k\u00e7a vurgulan\u0131rken bizim i\u00e7in bunu dikkate almaman\u0131z pek de m\u00fcmk\u00fcn de\u011fildi. Fakat bir yerde ak\u0131llar\u0131 kurcalayan bir soru vard\u0131. Hem sa\u011fl\u0131kl\u0131 beslenirken hem de bunu nas\u0131l daha lezzetli ve e\u011flenceli bir hale d\u00f6n\u00fc\u015ft\u00fcrebilece\u011fimiz ? Mixy Life ailesi olarak \u00fczerinde d\u00fc\u015f\u00fcnd\u00fc\u011f\u00fcm\u00fcz ilk konu asl\u0131nda bu oldu.<\/p><p>Ayn\u0131 co\u011frafyay\u0131 payla\u015fan milyar tane insan\u0131z ve her birimiz farkl\u0131 b\u00f6lgelerin farkl\u0131 k\u00fclt\u00fcrleriyle b\u00fcy\u00fcd\u00fck. Hi\u00e7birimiz birbirimize benzemedi\u011fimiz gibi zevklerimiz, \u00f6nceliklerimiz de farkl\u0131.\u00a0<\/p><p>T\u00fcm bu ruhsal ve fiziksel farkl\u0131l\u0131klar\u0131n d\u0131\u015f\u0131nda belki de hi\u00e7 bahsedilmeyen ama \u00e7o\u011fu zaman hepimizi ortak noktada birle\u015ftiren \u00f6nemli bir unsur \u201ddamak tad\u0131\u201d. \u0130lk etapta hedefimiz Mixy Life olarak yakalad\u0131\u011f\u0131m\u0131z tatlar\u0131n bir\u00e7o\u011fumuzu ortak noktada bulu\u015fturmas\u0131yd\u0131, inan\u0131yoruz ki bu noktada olduk\u00e7a ba\u015far\u0131l\u0131y\u0131z.<\/p><p>\u0130kinci ve en \u00f6nemli k\u0131s\u0131msa bu lezzetlerin ki\u015filer \u00fczerindeki etkisini ince ince hesaplamakt\u0131. Kimimizin almas\u0131 gereken kalori miktar\u0131 fazlayken kimimizin azaltmas\u0131 gereken \u015feker miktar\u0131n\u0131n ayn\u0131 olmamas\u0131 gibi\u2026 Asl\u0131nda biz burada piyasadaki benzer \u00fcr\u00fcnlerde olmayan bir farkl\u0131l\u0131k katt\u0131k. Biz Mixy Life olarak \u00f6\u011f\u00fcnlerinizi sizin i\u00e7in ki\u015fiselle\u015ftirdik.<\/p>\t\t\t\t\t\t\t\t<\/div>\n\t\t\t\t<\/div>\n\t\t\t\t<div class=\"elementor-element elementor-element-c13fb59 elementor-widget elementor-widget-text-editor\" data-id=\"c13fb59\" data-element_type=\"widget\" data-widget_type=\"text-editor.default\">\n\t\t\t\t<div class=\"elementor-widget-container\">\n\t\t\t\t\t\t\t\t\t<h5>Adres<\/h5><p>Siteler Mah. 238 Sok. No:9 Uzunyal\u0131 Marmaris\/Mu\u011fla<\/p><h5>Telefon<\/h5><p><a href=\"https:\/\/web.archive.org\/web\/20240804041447\/tel:+905327224676\"><span class=\"header_phone_text\">+90 532 722 46 76<\/span><\/a><\/p><h5>E-Posta<\/h5><p><a href=\"https:\/\/web.archive.org\/web\/20240804041447\/mailto:info@mixylife.com\">info@mixylife.com<\/a><\/p>\t\t\t\t\t\t\t\t<\/div>\n\t\t\t\t<\/div>\n\t\t\t\t<\/div>\n\t\t<div class=\"elementor-element elementor-element-24832bf e-con-full e-flex e-con e-child\" data-id=\"24832bf\" data-element_type=\"container\">\n\t\t\t\t<div class=\"elementor-element elementor-element-655d076 elementor-widget elementor-widget-image\" data-id=\"655d076\" data-element_type=\"widget\" data-widget_type=\"image.default\">\n\t\t\t\t<div class=\"elementor-widget-container\">\n\t\t\t\t\t\t\t\t\t\t\t\t\t\t\t<img fetchpriority=\"high\" decoding=\"async\" width=\"683\" height=\"1024\" src=\"https:\/\/mixylife.com\/wp-content\/uploads\/2025\/06\/Firuze-00551-683x1024-1.png\" class=\"attachment-large size-large wp-image-10\" alt=\"\" srcset=\"https:\/\/mixylife.com\/wp-content\/uploads\/2025\/06\/Firuze-00551-683x1024-1.png 683w, https:\/\/mixylife.com\/wp-content\/uploads\/2025\/06\/Firuze-00551-683x1024-1-200x300.png 200w\" sizes=\"(max-width: 683px) 100vw, 683px\" \/>\t\t\t\t\t\t\t\t\t\t\t\t\t\t\t<\/div>\n\t\t\t\t<\/div>\n\t\t\t\t<\/div>\n\t\t\t\t\t<\/div>\n\t\t\t\t<\/div>\n\t\t\t\t<\/div>\n\t\t","protected":false},"excerpt":{"rendered":"<p>Ya\u015fad\u0131\u011f\u0131m\u0131z co\u011frafyan\u0131n zenginli\u011finden ve Ege B\u00f6lgesi\u2019nin i\u015ftah kabartan tatlar\u0131ndan yola \u00e7\u0131km\u0131\u015f taptaze ve lezzet dolu bir \u00fcr\u00fcn \u2018Mixy Life\u2019. Son d\u00f6nemde sa\u011fl\u0131kl\u0131 beslenmenin \u00f6nemi her yerde s\u0131k\u00e7a vurgulan\u0131rken bizim i\u00e7in bunu dikkate almaman\u0131z pek de m\u00fcmk\u00fcn de\u011fildi. Fakat bir yerde ak\u0131llar\u0131 kurcalayan bir soru vard\u0131. Hem sa\u011fl\u0131kl\u0131 beslenirken hem de bunu nas\u0131l daha lezzetli ve [&hellip;]<\/p>\n","protected":false},"author":1,"featured_media":0,"parent":0,"menu_order":0,"comment_status":"closed","ping_status":"closed","template":"","meta":{"footnotes":""},"class_list":["post-7","page","type-page","status-publish","hentry"],"_links":{"self":[{"href":"https:\/\/mixylife.com\/index.php\/wp-json\/wp\/v2\/pages\/7","targetHints":{"allow":["GET"]}}],"collection":[{"href":"https:\/\/mixylife.com\/index.php\/wp-json\/wp\/v2\/pages"}],"about":[{"href":"https:\/\/mixylife.com\/index.php\/wp-json\/wp\/v2\/types\/page"}],"author":[{"embeddable":true,"href":"https:\/\/mixylife.com\/index.php\/wp-json\/wp\/v2\/users\/1"}],"replies":[{"embeddable":true,"href":"https:\/\/mixylife.com\/index.php\/wp-json\/wp\/v2\/comments?post=7"}],"version-history":[{"count":16,"href":"https:\/\/mixylife.com\/index.php\/wp-json\/wp\/v2\/pages\/7\/revisions"}],"predecessor-version":[{"id":27,"href":"https:\/\/mixylife.com\/index.php\/wp-json\/wp\/v2\/pages\/7\/revisions\/27"}],"wp:attachment":[{"href":"https:\/\/mixylife.com\/index.php\/wp-json\/wp\/v2\/media?parent=7"}],"curies":[{"name":"wp","href":"https:\/\/api.w.org\/{rel}","templated":true}]}}